{"id":23,"date":"2025-11-04T02:43:33","date_gmt":"2025-11-04T02:43:33","guid":{"rendered":"http:\/\/localhost:8881\/?page_id=23"},"modified":"2025-11-18T05:28:24","modified_gmt":"2025-11-18T05:28:24","slug":"prestation-de-service","status":"publish","type":"page","link":"https:\/\/confora.org\/?page_id=23","title":{"rendered":"PRESTATION DE SERVICE"},"content":{"rendered":"<div class=\"cozy-block-wrapper \">\n<div class=\"wp-block-cozy-block-container\"><div class=\"cozy-block-container visibility-none border-none hover-border-none\n        \n    \" id=\"cozyBlock_ed15e58d_625b_48ad_9f19_9d590e5bf2bd\"><div style=\"position:relative;z-index:10\"><\/div><\/div><\/div>\n<\/div>\n\n\n<div class=\"wp-block-group is-layout-constrained wp-block-group-is-layout-constrained\"><div class=\"cozy-block-wrapper \">\n<div class=\"wp-block-cozy-block-container\"><div class=\"cozy-block-container visibility-none border-none hover-border-none\n        \n    \" id=\"cozyBlock_2ec1dfea_1116_4dcf_8ce3_afecf35c8221\"><div style=\"position:relative;z-index:10\"><\/div><\/div><\/div>\n<\/div><\/div>\n\n\n\n<div class=\"wp-block-columns has-border-color has-light-color-background-color has-background is-layout-flex wp-container-core-columns-is-layout-5dd6aac8 wp-block-columns-is-layout-flex\" style=\"border-color:#FFFBF6;border-width:5px;border-radius:40px;padding-top:var(--wp--preset--spacing--30);padding-right:var(--wp--preset--spacing--40);padding-bottom:var(--wp--preset--spacing--30);padding-left:var(--wp--preset--spacing--40)\">\n<div class=\"wp-block-column is-layout-flow wp-block-column-is-layout-flow\">\n<figure class=\"wp-block-image size-large is-resized has-custom-border\" style=\"margin-top:var(--wp--preset--spacing--60);margin-bottom:var(--wp--preset--spacing--60)\"><img loading=\"lazy\" decoding=\"async\" width=\"1921\" height=\"2560\" src=\"https:\/\/confora.org\/wp-content\/uploads\/2025\/11\/front-view-woman-wearing-helmet-edited-scaled.jpg\" alt=\"\" class=\"wp-image-294\" style=\"border-radius:30px;width:448px;height:auto\" srcset=\"https:\/\/confora.org\/wp-content\/uploads\/2025\/11\/front-view-woman-wearing-helmet-edited-scaled.jpg 1921w, https:\/\/confora.org\/wp-content\/uploads\/2025\/11\/front-view-woman-wearing-helmet-edited-225x300.jpg 225w, https:\/\/confora.org\/wp-content\/uploads\/2025\/11\/front-view-woman-wearing-helmet-edited-768x1024.jpg 768w, https:\/\/confora.org\/wp-content\/uploads\/2025\/11\/front-view-woman-wearing-helmet-edited-1152x1536.jpg 1152w, https:\/\/confora.org\/wp-content\/uploads\/2025\/11\/front-view-woman-wearing-helmet-edited-1537x2048.jpg 1537w\" sizes=\"auto, (max-width: 1921px) 100vw, 1921px\" \/><\/figure>\n\n\n<div class=\"cozy-block-wrapper \">\n<div class=\"wp-block-cozy-block-container\"><div class=\"cozy-block-container visibility-none border-none hover-border-none\n        \n    \" id=\"cozyBlock_31438324_807a_4b1e_8817_a639358d4b0d\"><div style=\"position:relative;z-index:10\">\n<div class=\"wp-block-buttons is-content-justification-center is-layout-flex wp-container-core-buttons-is-layout-a89b3969 wp-block-buttons-is-layout-flex\">\n<div class=\"wp-block-button cozy-button-hover-styles\" style=\"; --cozyButtonBgColorHover: #056229; --cozyButtonColorHover: ; --cozyButtonBorderHover: ; \"><a class=\"wp-block-button__link has-light-color-color has-text-color has-link-color has-medium-font-size has-custom-font-size wp-element-button\" href=\"https:\/\/confora.org\/?page_id=12\" style=\"border-radius:20px\">Voir Nos R\u00e9alisations <\/a><\/div>\n<\/div>\n<\/div><\/div><\/div>\n<\/div>\n\n\n<div style=\"height:0px\" aria-hidden=\"true\" class=\"wp-block-spacer\"><\/div>\n<\/div>\n\n\n\n<div class=\"wp-block-column is-layout-flow wp-block-column-is-layout-flow\" style=\"padding-right:var(--wp--preset--spacing--30);padding-left:var(--wp--preset--spacing--30)\">\n<div style=\"height:19px\" aria-hidden=\"true\" class=\"wp-block-spacer\"><\/div>\n\n\n\n<h4 class=\"wp-block-heading has-text-align-center\"><strong><mark style=\"background-color:rgba(0, 0, 0, 0);color:#092a57\" class=\"has-inline-color\"><strong>Op\u00e9rations  sans fronti\u00e8res.<\/strong><\/mark><\/strong><\/h4>\n\n\n\n<div style=\"height:12px\" aria-hidden=\"true\" class=\"wp-block-spacer\"><\/div>\n\n\n\n<div class=\"wp-block-group has-transparent-background-color has-background is-vertical is-content-justification-center is-layout-flex wp-container-core-group-is-layout-ce155fab wp-block-group-is-layout-flex\">\n<div class=\"wp-block-group is-content-justification-center is-nowrap is-layout-flex wp-container-core-group-is-layout-23441af8 wp-block-group-is-layout-flex\">\n<h4 class=\"wp-block-heading has-text-align-left has-text-color has-link-color wp-elements-5d3a2f7d9bbb4fb1131d84e864e51841\" style=\"color:#042c5d\">Plus de <\/h4>\n\n\n<style> @import url(\"https:\/\/fonts.googleapis.com\/css2?family=Public Sans:wght@100;200;300;400;500;600;700;800;900\");  <\/style><div class=\"cozy-block-wrapper\">\n<div class=\"cozy-block-counter\" id=\"cozyBlock_d8edc65a_6da5_42d9_ac9c_74e37334262c\"><span>0<\/span><\/div>\n<\/div><\/div>\n\n\n\n<div class=\"wp-block-group has-transparent-background-color has-background is-layout-constrained wp-block-group-is-layout-constrained\">\n<h2 class=\"wp-block-heading has-text-align-left has-text-color has-link-color has-medium-font-size wp-elements-dcd5daff199d07a7a54530725c340fcb\" style=\"color:#cc6d00\"><strong>Missions critiques<\/strong> men\u00e9es \u00e0 bien en 2024-2025 dans les zones les plus difficiles d\u2019acc\u00e8s. D\u00e9lais tenus. S\u00e9curit\u00e9 maximale. Transparence totale.<\/h2>\n<\/div>\n<\/div>\n\n\n\n<p class=\"has-medium-font-size\">Du Niger \u00e0 toute l\u2019Afrique de l\u2019Ouest et du Sahel, nous assurons :<\/p>\n\n\n\n<ul class=\"wp-block-list has-medium-font-size\">\n<li>Logistique alimentaire &amp; humanitaire (PAM, UNHCR, CICR)<\/li>\n\n\n\n<li>Acheminement s\u00e9curis\u00e9 de vivres, mat\u00e9riel m\u00e9dical et \u00e9quipements<\/li>\n\n\n\n<li>Fourniture de personnel qualifi\u00e9 (conducteurs, m\u00e9caniciens, superviseurs)<\/li>\n\n\n\n<li>Maintenance industrielle et gestion de bases-vie<\/li>\n<\/ul>\n\n\n\n<div style=\"height:12px\" aria-hidden=\"true\" class=\"wp-block-spacer\"><\/div>\n\n\n\n<div style=\"height:32px\" aria-hidden=\"true\" class=\"wp-block-spacer\"><\/div>\n<\/div>\n<\/div>\n\n\n\n<div class=\"wp-block-cover\" style=\"border-width:10px;border-radius:40px\"><img loading=\"lazy\" decoding=\"async\" width=\"1024\" height=\"574\" class=\"wp-block-cover__image-background wp-image-164 size-large\" alt=\"\" src=\"https:\/\/confora.org\/wp-content\/uploads\/2025\/11\/une-femme-chauffeur-de-camion-travaille-1024x574.jpg\" style=\"object-position:54% 26%\" data-object-fit=\"cover\" data-object-position=\"54% 26%\" srcset=\"https:\/\/confora.org\/wp-content\/uploads\/2025\/11\/une-femme-chauffeur-de-camion-travaille-1024x574.jpg 1024w, https:\/\/confora.org\/wp-content\/uploads\/2025\/11\/une-femme-chauffeur-de-camion-travaille-300x168.jpg 300w, https:\/\/confora.org\/wp-content\/uploads\/2025\/11\/une-femme-chauffeur-de-camion-travaille-768x430.jpg 768w, https:\/\/confora.org\/wp-content\/uploads\/2025\/11\/une-femme-chauffeur-de-camion-travaille-1536x861.jpg 1536w, https:\/\/confora.org\/wp-content\/uploads\/2025\/11\/une-femme-chauffeur-de-camion-travaille-2048x1148.jpg 2048w\" sizes=\"auto, (max-width: 1024px) 100vw, 1024px\" \/><span aria-hidden=\"true\" class=\"wp-block-cover__background has-dark-color-background-color has-background-dim\"><\/span><div class=\"wp-block-cover__inner-container is-layout-constrained wp-container-core-cover-is-layout-49010827 wp-block-cover-is-layout-constrained\">\n<h2 class=\"wp-block-heading has-text-align-center\">Votre op\u00e9ration m\u00e9rite un partenaire fiable.<\/h2>\n\n\n\n<p class=\"has-text-align-center has-normal-font-size\" style=\"margin-bottom:30px;line-height:1.5\">Confora international vous garantit professionnalisme et respect des d\u00e9lais <\/p>\n\n\n<div class=\"cozy-block-wrapper\">\n<div class=\"cozy-block-button\" id=\"cozyBlock_fa26c84c_e18d_44b7_a420_a0c417378857\">\n<div class=\"wp-block-buttons is-content-justification-center is-layout-flex wp-container-core-buttons-is-layout-a89b3969 wp-block-buttons-is-layout-flex\">\n<div class=\"wp-block-button\"><a class=\"wp-block-button__link wp-element-button\" href=\"https:\/\/confora.org\/?page_id=13\" style=\"border-radius:30px\">DEMANDER UN DEVIS<\/a><\/div>\n<\/div>\n<\/div>\n<\/div><\/div><\/div>\n\n\n\n<p><\/p>\n","protected":false},"excerpt":{"rendered":"<p>Op\u00e9rations sans fronti\u00e8res. Plus de Missions critiques men\u00e9es \u00e0 bien en 2024-2025 dans les zones les plus difficiles d\u2019acc\u00e8s. D\u00e9lais tenus. S\u00e9curit\u00e9 maximale. Transparence totale. Du Niger \u00e0 toute l\u2019Afrique de l\u2019Ouest et du Sahel, nous assurons :<\/p>\n","protected":false},"author":1,"featured_media":0,"parent":0,"menu_order":0,"comment_status":"closed","ping_status":"closed","template":"","meta":{"pagelayer_contact_templates":[],"_pagelayer_content":"","footnotes":""},"class_list":["post-23","page","type-page","status-publish","hentry"],"_links":{"self":[{"href":"https:\/\/confora.org\/index.php?rest_route=\/wp\/v2\/pages\/23","targetHints":{"allow":["GET"]}}],"collection":[{"href":"https:\/\/confora.org\/index.php?rest_route=\/wp\/v2\/pages"}],"about":[{"href":"https:\/\/confora.org\/index.php?rest_route=\/wp\/v2\/types\/page"}],"author":[{"embeddable":true,"href":"https:\/\/confora.org\/index.php?rest_route=\/wp\/v2\/users\/1"}],"replies":[{"embeddable":true,"href":"https:\/\/confora.org\/index.php?rest_route=%2Fwp%2Fv2%2Fcomments&post=23"}],"version-history":[{"count":6,"href":"https:\/\/confora.org\/index.php?rest_route=\/wp\/v2\/pages\/23\/revisions"}],"predecessor-version":[{"id":348,"href":"https:\/\/confora.org\/index.php?rest_route=\/wp\/v2\/pages\/23\/revisions\/348"}],"wp:attachment":[{"href":"https:\/\/confora.org\/index.php?rest_route=%2Fwp%2Fv2%2Fmedia&parent=23"}],"curies":[{"name":"wp","href":"https:\/\/api.w.org\/{rel}","templated":true}]}}