{"id":22,"date":"2025-11-04T02:44:10","date_gmt":"2025-11-04T02:44:10","guid":{"rendered":"http:\/\/localhost:8881\/?page_id=22"},"modified":"2025-11-18T05:25:50","modified_gmt":"2025-11-18T05:25:50","slug":"hydraulique","status":"publish","type":"page","link":"https:\/\/confora.org\/?page_id=22","title":{"rendered":"HYDRAULIQUE"},"content":{"rendered":"\n<div class=\"wp-block-columns has-border-color has-light-color-background-color has-background is-layout-flex wp-container-core-columns-is-layout-b163e341 wp-block-columns-is-layout-flex\" style=\"border-color:#FFFBF6;border-width:5px;border-radius:40px;padding-top:var(--wp--preset--spacing--30);padding-right:var(--wp--preset--spacing--30);padding-bottom:var(--wp--preset--spacing--30);padding-left:var(--wp--preset--spacing--30)\">\n<div class=\"wp-block-column is-layout-flow wp-block-column-is-layout-flow\"><div class=\"cozy-block-wrapper \">\n<div class=\"wp-block-cozy-block-container\"><div class=\"cozy-block-container visibility-none border-none hover-border-none\n        \n    \" id=\"cozyBlock_eb835e6e_04d3_4c71_8d3b_e3bf6c04601b\"><div style=\"position:relative;z-index:10\">\n<figure class=\"wp-block-image size-large has-custom-border\"><img loading=\"lazy\" decoding=\"async\" width=\"1920\" height=\"2560\" src=\"https:\/\/confora.org\/wp-content\/uploads\/2025\/11\/pompe-a-eau-manuelle-style-retro-ancienne-pompe-a-eau-edited-scaled.jpg\" alt=\"\" class=\"wp-image-292\" style=\"border-radius:40px\" srcset=\"https:\/\/confora.org\/wp-content\/uploads\/2025\/11\/pompe-a-eau-manuelle-style-retro-ancienne-pompe-a-eau-edited-scaled.jpg 1920w, https:\/\/confora.org\/wp-content\/uploads\/2025\/11\/pompe-a-eau-manuelle-style-retro-ancienne-pompe-a-eau-edited-225x300.jpg 225w, https:\/\/confora.org\/wp-content\/uploads\/2025\/11\/pompe-a-eau-manuelle-style-retro-ancienne-pompe-a-eau-edited-768x1024.jpg 768w, https:\/\/confora.org\/wp-content\/uploads\/2025\/11\/pompe-a-eau-manuelle-style-retro-ancienne-pompe-a-eau-edited-1152x1536.jpg 1152w, https:\/\/confora.org\/wp-content\/uploads\/2025\/11\/pompe-a-eau-manuelle-style-retro-ancienne-pompe-a-eau-edited-1536x2048.jpg 1536w\" sizes=\"auto, (max-width: 1920px) 100vw, 1920px\" \/><\/figure>\n<\/div><\/div><\/div>\n<\/div>\n\n\n<figure class=\"wp-block-image size-large has-custom-border\" style=\"margin-top:var(--wp--preset--spacing--60);margin-bottom:var(--wp--preset--spacing--60)\"><img loading=\"lazy\" decoding=\"async\" width=\"1024\" height=\"574\" src=\"https:\/\/confora.org\/wp-content\/uploads\/2025\/11\/une-femme-chauffeur-de-camion-travaille-1024x574.jpg\" alt=\"\" class=\"wp-image-164\" style=\"border-radius:30px\" srcset=\"https:\/\/confora.org\/wp-content\/uploads\/2025\/11\/une-femme-chauffeur-de-camion-travaille-1024x574.jpg 1024w, https:\/\/confora.org\/wp-content\/uploads\/2025\/11\/une-femme-chauffeur-de-camion-travaille-300x168.jpg 300w, https:\/\/confora.org\/wp-content\/uploads\/2025\/11\/une-femme-chauffeur-de-camion-travaille-768x430.jpg 768w, https:\/\/confora.org\/wp-content\/uploads\/2025\/11\/une-femme-chauffeur-de-camion-travaille-1536x861.jpg 1536w, https:\/\/confora.org\/wp-content\/uploads\/2025\/11\/une-femme-chauffeur-de-camion-travaille-2048x1148.jpg 2048w\" sizes=\"auto, (max-width: 1024px) 100vw, 1024px\" \/><\/figure>\n<\/div>\n\n\n\n<div class=\"wp-block-column is-layout-flow wp-block-column-is-layout-flow\" style=\"padding-right:var(--wp--preset--spacing--20);padding-left:var(--wp--preset--spacing--50)\">\n<div style=\"height:9px\" aria-hidden=\"true\" class=\"wp-block-spacer\"><\/div>\n\n\n\n<h2 class=\"wp-block-heading\"><strong><mark style=\"background-color:rgba(0, 0, 0, 0);color:#092a57\" class=\"has-inline-color\">L\u2019eau l\u00e0 o\u00f9 il en faut<\/mark><\/strong><\/h2>\n\n\n\n<div style=\"height:13px\" aria-hidden=\"true\" class=\"wp-block-spacer\"><\/div>\n\n\n\n<div class=\"wp-block-group has-transparent-background-color has-background is-nowrap is-layout-flex wp-container-core-group-is-layout-6c531013 wp-block-group-is-layout-flex\">\n<h2 class=\"wp-block-heading has-text-align-left has-text-color has-link-color wp-elements-664d929a8c9e1e9317594a374898ab88\" style=\"color:#042c5d\"><strong>+<\/strong><\/h2>\n\n\n<style> @import url(\"https:\/\/fonts.googleapis.com\/css2?family=Public Sans:wght@100;200;300;400;500;600;700;800;900\");  <\/style><div class=\"cozy-block-wrapper\">\n<div class=\"cozy-block-counter\" id=\"cozyBlock_67a55d1c_735f_46db_ac1c_939f9c6196ab\"><span>0<\/span><\/div>\n<\/div>\n\n\n<div class=\"wp-block-group has-transparent-background-color has-background is-vertical is-content-justification-left is-layout-flex wp-container-core-group-is-layout-dd225191 wp-block-group-is-layout-flex\">\n<h2 class=\"wp-block-heading has-text-align-left has-text-color has-link-color wp-elements-931a5d65760766e7bb52983337797647\" style=\"color:#0b5001\">    Projets<\/h2>\n\n\n\n<p class=\"has-normal-font-size\"><strong>          En cours et Deja R\u00e9alis\u00e9s <\/strong><\/p>\n<\/div>\n<\/div>\n\n\n\n<p class=\"has-text-align-left has-medium-font-size\"> Forages profonds, adduction d\u2019eau potable (AEP), r\u00e9seaux, ch\u00e2teaux d\u2019eau, irrigation : nous rendons l\u2019eau accessible, fiable et durable \u2013 pour villages, \u00e9coles, centres de sant\u00e9 et exploitations agricoles.Depuis , <strong>plusieurs forages<\/strong> r\u00e9alis\u00e9s au <strong>Niger<\/strong>, avec un d\u00e9bit stable et une maintenance locale.<\/p>\n\n\n\n<figure class=\"wp-block-image size-large is-resized has-custom-border\" style=\"margin-top:var(--wp--preset--spacing--60);margin-bottom:var(--wp--preset--spacing--60)\"><img loading=\"lazy\" decoding=\"async\" width=\"1024\" height=\"768\" src=\"https:\/\/confora.org\/wp-content\/uploads\/2025\/11\/le-grand-tube-central-et-la-soupape-1024x768.jpg\" alt=\"\" class=\"wp-image-190\" style=\"border-radius:30px;width:465px;height:auto\" srcset=\"https:\/\/confora.org\/wp-content\/uploads\/2025\/11\/le-grand-tube-central-et-la-soupape-1024x768.jpg 1024w, https:\/\/confora.org\/wp-content\/uploads\/2025\/11\/le-grand-tube-central-et-la-soupape-300x225.jpg 300w, https:\/\/confora.org\/wp-content\/uploads\/2025\/11\/le-grand-tube-central-et-la-soupape-768x576.jpg 768w, https:\/\/confora.org\/wp-content\/uploads\/2025\/11\/le-grand-tube-central-et-la-soupape-1536x1152.jpg 1536w, https:\/\/confora.org\/wp-content\/uploads\/2025\/11\/le-grand-tube-central-et-la-soupape-2048x1536.jpg 2048w\" sizes=\"auto, (max-width: 1024px) 100vw, 1024px\" \/><\/figure>\n\n\n\n<div class=\"wp-block-buttons is-content-justification-right is-layout-flex wp-container-core-buttons-is-layout-d445cf74 wp-block-buttons-is-layout-flex\">\n<div class=\"wp-block-button has-custom-width wp-block-button__width-75 cozy-button-hover-styles\" style=\"; --cozyButtonBgColorHover: #056229; --cozyButtonColorHover: ; --cozyButtonBorderHover: ; \"><a class=\"wp-block-button__link has-light-color-color has-text-color has-link-color has-medium-font-size has-custom-font-size wp-element-button\" href=\"https:\/\/confora.org\/?page_id=12\" style=\"border-radius:20px;padding-top:var(--wp--preset--spacing--40);padding-bottom:var(--wp--preset--spacing--40)\">Voir Nos R\u00e9alisations <\/a><\/div>\n<\/div>\n\n\n\n<div style=\"height:0px\" aria-hidden=\"true\" class=\"wp-block-spacer\"><\/div>\n<\/div>\n<\/div>\n\n\n<div class=\"cozy-block-wrapper \">\n<div class=\"wp-block-cozy-block-container\"><div class=\"cozy-block-container visibility-none border-none hover-border-none\n        \n    \" id=\"cozyBlock_cc051ec2_b697_419b_b99e_705dd303a1c3\"><div style=\"position:relative;z-index:10\"><\/div><\/div><\/div>\n<\/div>\n\n<div class=\"cozy-block-wrapper\">\n<div class=\"cozy-block-cta\">\n<div class=\"wp-block-cover\" style=\"border-width:10px;border-radius:40px\"><img loading=\"lazy\" decoding=\"async\" width=\"1024\" height=\"683\" class=\"wp-block-cover__image-background wp-image-276 size-large\" alt=\"\" src=\"https:\/\/confora.org\/wp-content\/uploads\/2025\/11\/business-objects-with-executives-discussing-blueprint-meeting-1024x683.jpg\" data-object-fit=\"cover\" srcset=\"https:\/\/confora.org\/wp-content\/uploads\/2025\/11\/business-objects-with-executives-discussing-blueprint-meeting-1024x683.jpg 1024w, https:\/\/confora.org\/wp-content\/uploads\/2025\/11\/business-objects-with-executives-discussing-blueprint-meeting-300x200.jpg 300w, https:\/\/confora.org\/wp-content\/uploads\/2025\/11\/business-objects-with-executives-discussing-blueprint-meeting-768x512.jpg 768w, https:\/\/confora.org\/wp-content\/uploads\/2025\/11\/business-objects-with-executives-discussing-blueprint-meeting-1536x1024.jpg 1536w, https:\/\/confora.org\/wp-content\/uploads\/2025\/11\/business-objects-with-executives-discussing-blueprint-meeting-2048x1365.jpg 2048w\" sizes=\"auto, (max-width: 1024px) 100vw, 1024px\" \/><span aria-hidden=\"true\" class=\"wp-block-cover__background has-heading-color-background-color has-background-dim\"><\/span><div class=\"wp-block-cover__inner-container is-layout-constrained wp-container-core-cover-is-layout-49010827 wp-block-cover-is-layout-constrained\">\n<h2 class=\"wp-block-heading has-text-align-center\">Pour des Infrastructures de qualit\u00e9 <\/h2>\n\n\n\n<p class=\"has-text-align-center has-normal-font-size\" style=\"margin-bottom:30px;line-height:1.5\">Confora international vous garantit professionnalisme et respect des d\u00e9lais <\/p>\n\n\n<div class=\"cozy-block-wrapper\">\n<div class=\"cozy-block-button\" id=\"cozyBlock_62278fe1_3f24_4ebc_83f0_b771835cb7b6\">\n<div class=\"wp-block-buttons is-content-justification-center is-layout-flex wp-container-core-buttons-is-layout-a89b3969 wp-block-buttons-is-layout-flex\">\n<div class=\"wp-block-button\"><a class=\"wp-block-button__link wp-element-button\" href=\"https:\/\/confora.org\/?page_id=13\" style=\"border-radius:30px\">DEMANDER UN DEVIS<\/a><\/div>\n<\/div>\n<\/div>\n<\/div><\/div><\/div>\n<\/div>\n<\/div>\n\n\n<p><\/p>\n","protected":false},"excerpt":{"rendered":"<p>L\u2019eau l\u00e0 o\u00f9 il en faut + Projets En cours et Deja R\u00e9alis\u00e9s Forages profonds, adduction d\u2019eau potable (AEP), r\u00e9seaux, ch\u00e2teaux d\u2019eau, irrigation : nous rendons l\u2019eau accessible, fiable et durable \u2013 pour villages, \u00e9coles, centres de sant\u00e9 et exploitations agricoles.Depuis , plusieurs forages r\u00e9alis\u00e9s au Niger, avec un d\u00e9bit stable et une maintenance locale.<\/p>\n","protected":false},"author":1,"featured_media":0,"parent":0,"menu_order":0,"comment_status":"closed","ping_status":"closed","template":"","meta":{"pagelayer_contact_templates":[],"_pagelayer_content":"","footnotes":""},"class_list":["post-22","page","type-page","status-publish","hentry"],"_links":{"self":[{"href":"https:\/\/confora.org\/index.php?rest_route=\/wp\/v2\/pages\/22","targetHints":{"allow":["GET"]}}],"collection":[{"href":"https:\/\/confora.org\/index.php?rest_route=\/wp\/v2\/pages"}],"about":[{"href":"https:\/\/confora.org\/index.php?rest_route=\/wp\/v2\/types\/page"}],"author":[{"embeddable":true,"href":"https:\/\/confora.org\/index.php?rest_route=\/wp\/v2\/users\/1"}],"replies":[{"embeddable":true,"href":"https:\/\/confora.org\/index.php?rest_route=%2Fwp%2Fv2%2Fcomments&post=22"}],"version-history":[{"count":10,"href":"https:\/\/confora.org\/index.php?rest_route=\/wp\/v2\/pages\/22\/revisions"}],"predecessor-version":[{"id":347,"href":"https:\/\/confora.org\/index.php?rest_route=\/wp\/v2\/pages\/22\/revisions\/347"}],"wp:attachment":[{"href":"https:\/\/confora.org\/index.php?rest_route=%2Fwp%2Fv2%2Fmedia&parent=22"}],"curies":[{"name":"wp","href":"https:\/\/api.w.org\/{rel}","templated":true}]}}