{"id":21,"date":"2025-11-04T02:45:40","date_gmt":"2025-11-04T02:45:40","guid":{"rendered":"http:\/\/localhost:8881\/?page_id=21"},"modified":"2025-11-18T05:24:40","modified_gmt":"2025-11-18T05:24:40","slug":"btp-genie-civil","status":"publish","type":"page","link":"https:\/\/confora.org\/?page_id=21","title":{"rendered":"BTP &#038; G\u00c9NIE CIVIL"},"content":{"rendered":"\n<div class=\"wp-block-columns is-layout-flex wp-container-core-columns-is-layout-28f84493 wp-block-columns-is-layout-flex\">\n<div class=\"wp-block-column is-layout-flow wp-block-column-is-layout-flow\" style=\"flex-basis:100{ccb3a6efcb229b58a47dafeb7d3585b6eb5a48d5ad5040b6f0bdad1f22350fe6}\"><\/div>\n<\/div>\n\n\n\n<div class=\"wp-block-group is-nowrap is-layout-flex wp-container-core-group-is-layout-6c531013 wp-block-group-is-layout-flex\">\n<p class=\"has-text-align-center has-background-alt-color has-text-color has-link-color has-big-font-size wp-elements-b735f4c95b9add121058e3df4fecf540\"><\/p>\n\n\n\n<p class=\"has-text-align-center has-background-alt-color has-text-color has-link-color has-big-font-size wp-elements-086fa9951f0ca748ebea4aaeb7b4ec74\"><strong>Nous nous engageons durablement aupr\u00e8s de nos Partenaire et mettons un point d&rsquo;honneur au respect de la qualit\u00e9<\/strong><\/p>\n\n\n\n<p class=\"has-text-align-center has-medium-font-size\"><\/p>\n<\/div>\n\n\n\n<div style=\"height:20px\" aria-hidden=\"true\" class=\"wp-block-spacer\"><\/div>\n\n\n\n<div class=\"wp-block-group has-border-color has-light-color-border-color has-heading-color-color has-text-color has-link-color wp-elements-b4d9a5c4917532a36f1e3ca93dbe3654 is-content-justification-center is-nowrap is-layout-flex wp-container-core-group-is-layout-7b6d9f1b wp-block-group-is-layout-flex\" style=\"border-width:5px;border-radius:30px;margin-top:var(--wp--preset--spacing--30);margin-bottom:var(--wp--preset--spacing--30);padding-top:var(--wp--preset--spacing--30);padding-right:var(--wp--preset--spacing--30);padding-bottom:var(--wp--preset--spacing--30);padding-left:var(--wp--preset--spacing--30)\"><div class=\"cozy-block-wrapper wp-container-content-9cfa9a5a\">\n<div class=\"wp-block-cozy-block-container\"><div class=\"cozy-block-container visibility-none border-none hover-border-none\n        \n    \" id=\"cozyBlock_05eb43fc_98a2_4857_808c_745d5debcc2d\"><div style=\"position:relative;z-index:10\">\n<p class=\"has-text-align-left has-medium-font-size\">B\u00e2timents r\u00e9sidentiels et commerciaux, \u00e9coles, centres de sant\u00e9, logements sociaux, lieux de culte, routes, r\u00e9novation : nous livrons des infrastructures de qualit\u00e9, respectueuses des normes et des d\u00e9lais.<\/p>\n\n\n\n<p class=\"has-text-align-left has-medium-font-size\">Depuis , <strong>plus de 50 projets<\/strong> r\u00e9alis\u00e9s au <strong>Niger<\/strong>, avec des mat\u00e9riaux certifi\u00e9s et une ex\u00e9cution supervis\u00e9e.<\/p>\n\n\n\n<div style=\"height:85px\" aria-hidden=\"true\" class=\"wp-block-spacer\"><\/div>\n\n\n\n<div class=\"wp-block-buttons is-layout-flex wp-block-buttons-is-layout-flex\">\n<div class=\"wp-block-button has-custom-width wp-block-button__width-50 cozy-button-hover-styles\" style=\"; --cozyButtonBgColorHover: #013008; --cozyButtonColorHover: ; --cozyButtonBorderHover: ; \"><a class=\"wp-block-button__link has-light-shade-color has-text-color has-background has-link-color has-medium-font-size has-custom-font-size wp-element-button\" href=\"https:\/\/confora.org\/?page_id=12\" style=\"border-radius:30px;background-color:#04365c;padding-top:var(--wp--preset--spacing--40);padding-bottom:var(--wp--preset--spacing--40)\">Voir Nos R\u00e9alisations <\/a><\/div>\n<\/div>\n<\/div><\/div><\/div>\n<\/div>\n\n\n<figure class=\"wp-block-image size-full is-resized has-custom-border wp-container-content-9cfa9a5a\" style=\"margin-right:0;margin-left:var(--wp--preset--spacing--50)\"><img loading=\"lazy\" decoding=\"async\" width=\"1921\" height=\"2560\" src=\"https:\/\/confora.org\/wp-content\/uploads\/2025\/11\/excavator-digging-ground-day-light-edited-scaled.jpg\" alt=\"\" class=\"wp-image-280\" style=\"border-radius:30px;width:289px;height:auto\" srcset=\"https:\/\/confora.org\/wp-content\/uploads\/2025\/11\/excavator-digging-ground-day-light-edited-scaled.jpg 1921w, https:\/\/confora.org\/wp-content\/uploads\/2025\/11\/excavator-digging-ground-day-light-edited-225x300.jpg 225w, https:\/\/confora.org\/wp-content\/uploads\/2025\/11\/excavator-digging-ground-day-light-edited-768x1024.jpg 768w, https:\/\/confora.org\/wp-content\/uploads\/2025\/11\/excavator-digging-ground-day-light-edited-1152x1536.jpg 1152w, https:\/\/confora.org\/wp-content\/uploads\/2025\/11\/excavator-digging-ground-day-light-edited-1537x2048.jpg 1537w\" sizes=\"auto, (max-width: 1921px) 100vw, 1921px\" \/><\/figure>\n<\/div>\n\n\n\n<div style=\"height:20px\" aria-hidden=\"true\" class=\"wp-block-spacer\"><\/div>\n\n\n\n<div class=\"wp-block-group is-layout-constrained wp-block-group-is-layout-constrained\">\n<div class=\"wp-block-columns is-layout-flex wp-container-core-columns-is-layout-28f84493 wp-block-columns-is-layout-flex\">\n<div class=\"wp-block-column is-layout-flow wp-block-column-is-layout-flow\" style=\"flex-basis:50{ccb3a6efcb229b58a47dafeb7d3585b6eb5a48d5ad5040b6f0bdad1f22350fe6}\">\n<div class=\"wp-block-group is-layout-constrained wp-block-group-is-layout-constrained\"><div class=\"cozy-block-wrapper \">\n<div class=\"wp-block-cozy-block-container\"><div class=\"cozy-block-container visibility-none border-none hover-border-none\n        \n    \" id=\"cozyBlock_71ba00b8_5bf7_4543_ae26_c59e9fd7e047\"><div style=\"position:relative;z-index:10\"><\/div><\/div><\/div>\n<\/div><\/div>\n<\/div>\n<\/div>\n<\/div>\n\n\n\n<div class=\"wp-block-cover\" style=\"border-width:10px;border-radius:40px\"><img loading=\"lazy\" decoding=\"async\" width=\"1024\" height=\"683\" class=\"wp-block-cover__image-background wp-image-276 size-large\" alt=\"\" src=\"https:\/\/confora.org\/wp-content\/uploads\/2025\/11\/business-objects-with-executives-discussing-blueprint-meeting-1024x683.jpg\" data-object-fit=\"cover\" srcset=\"https:\/\/confora.org\/wp-content\/uploads\/2025\/11\/business-objects-with-executives-discussing-blueprint-meeting-1024x683.jpg 1024w, https:\/\/confora.org\/wp-content\/uploads\/2025\/11\/business-objects-with-executives-discussing-blueprint-meeting-300x200.jpg 300w, https:\/\/confora.org\/wp-content\/uploads\/2025\/11\/business-objects-with-executives-discussing-blueprint-meeting-768x512.jpg 768w, https:\/\/confora.org\/wp-content\/uploads\/2025\/11\/business-objects-with-executives-discussing-blueprint-meeting-1536x1024.jpg 1536w, https:\/\/confora.org\/wp-content\/uploads\/2025\/11\/business-objects-with-executives-discussing-blueprint-meeting-2048x1365.jpg 2048w\" sizes=\"auto, (max-width: 1024px) 100vw, 1024px\" \/><span aria-hidden=\"true\" class=\"wp-block-cover__background has-heading-color-background-color has-background-dim\"><\/span><div class=\"wp-block-cover__inner-container is-layout-constrained wp-container-core-cover-is-layout-49010827 wp-block-cover-is-layout-constrained\">\n<h2 class=\"wp-block-heading has-text-align-center\">Pour des Infrastructures de qualit\u00e9 <\/h2>\n\n\n\n<p class=\"has-text-align-center has-normal-font-size\" style=\"margin-bottom:30px;line-height:1.5\">Confora international vous garantit professionnalisme et respect des d\u00e9lais <\/p>\n\n\n<div class=\"cozy-block-wrapper\">\n<div class=\"cozy-block-button\" id=\"cozyBlock_b407f346_491e_4b93_adde_d1d85ce044f6\">\n<div class=\"wp-block-buttons is-content-justification-center is-layout-flex wp-container-core-buttons-is-layout-a89b3969 wp-block-buttons-is-layout-flex\">\n<div class=\"wp-block-button\"><a class=\"wp-block-button__link wp-element-button\" href=\"https:\/\/confora.org\/?page_id=13\" style=\"border-radius:30px\">DEMANDER UN DEVIS<\/a><\/div>\n<\/div>\n<\/div>\n<\/div><\/div><\/div>\n","protected":false},"excerpt":{"rendered":"<p>Nous nous engageons durablement aupr\u00e8s de nos Partenaire et mettons un point d&rsquo;honneur au respect de la qualit\u00e9<\/p>\n","protected":false},"author":1,"featured_media":0,"parent":0,"menu_order":0,"comment_status":"closed","ping_status":"closed","template":"","meta":{"pagelayer_contact_templates":[],"_pagelayer_content":"","footnotes":""},"class_list":["post-21","page","type-page","status-publish","hentry"],"_links":{"self":[{"href":"https:\/\/confora.org\/index.php?rest_route=\/wp\/v2\/pages\/21","targetHints":{"allow":["GET"]}}],"collection":[{"href":"https:\/\/confora.org\/index.php?rest_route=\/wp\/v2\/pages"}],"about":[{"href":"https:\/\/confora.org\/index.php?rest_route=\/wp\/v2\/types\/page"}],"author":[{"embeddable":true,"href":"https:\/\/confora.org\/index.php?rest_route=\/wp\/v2\/users\/1"}],"replies":[{"embeddable":true,"href":"https:\/\/confora.org\/index.php?rest_route=%2Fwp%2Fv2%2Fcomments&post=21"}],"version-history":[{"count":12,"href":"https:\/\/confora.org\/index.php?rest_route=\/wp\/v2\/pages\/21\/revisions"}],"predecessor-version":[{"id":346,"href":"https:\/\/confora.org\/index.php?rest_route=\/wp\/v2\/pages\/21\/revisions\/346"}],"wp:attachment":[{"href":"https:\/\/confora.org\/index.php?rest_route=%2Fwp%2Fv2%2Fmedia&parent=21"}],"curies":[{"name":"wp","href":"https:\/\/api.w.org\/{rel}","templated":true}]}}