{"id":11,"date":"2025-11-04T02:24:16","date_gmt":"2025-11-04T02:24:16","guid":{"rendered":"https:\/\/confora.org\/?page_id=11"},"modified":"2025-11-18T05:30:01","modified_gmt":"2025-11-18T05:30:01","slug":"pole-de-services","status":"publish","type":"page","link":"https:\/\/confora.org\/?page_id=11","title":{"rendered":"P\u00d4LE DE SERVICES"},"content":{"rendered":"\n<div id=\"services\" class=\"wp-block-group has-border-color is-layout-constrained wp-container-core-group-is-layout-4beaeba7 wp-block-group-is-layout-constrained\" style=\"border-color:#FFFFFF;border-width:10px;border-radius:40px;margin-top:0;margin-bottom:0;padding-top:var(--wp--preset--spacing--80);padding-right:var(--wp--preset--spacing--30);padding-bottom:100px;padding-left:var(--wp--preset--spacing--40)\">\n<div class=\"wp-block-group mighty-builders-fade-up is-layout-constrained wp-container-core-group-is-layout-ad87464f wp-block-group-is-layout-constrained\">\n<div class=\"wp-block-group is-content-justification-center is-nowrap is-layout-flex wp-container-core-group-is-layout-0a12bad6 wp-block-group-is-layout-flex\">\n<hr class=\"wp-block-separator has-text-color has-primary-color has-alpha-channel-opacity has-primary-background-color has-background wp-container-content-d613cd94\"\/>\n\n\n\n<hr class=\"wp-block-separator has-text-color has-primary-color has-alpha-channel-opacity has-primary-background-color has-background wp-container-content-d613cd94\"\/>\n<\/div>\n\n\n\n<h1 class=\"wp-block-heading has-text-align-center has-text-color has-link-color wp-elements-285ba280cca08521b09753f8b01b90f8\" style=\"color:#072359\">Ce que nous offrons !<\/h1>\n\n\n\n<p class=\"has-text-align-center\" style=\"margin-top:12px\">Fournir des solutions expertes et durables dans le BTP,<br>l\u2019Hydraulique et le services qui Inspirent la confiance et le professionnalisme.<\/p>\n<\/div>\n\n\n\n<div class=\"wp-block-columns mighty-builders-fade-up is-layout-flex wp-container-core-columns-is-layout-d5e7fbb9 wp-block-columns-is-layout-flex\" style=\"margin-top:60px\">\n<div class=\"wp-block-column is-layout-flow wp-block-column-is-layout-flow\">\n<div class=\"wp-block-group is-style-mighty-builders-boxshadow-medium has-background is-layout-constrained wp-container-core-group-is-layout-c418d39e wp-block-group-is-layout-constrained\" style=\"border-style:none;border-width:0px;border-radius:40px;background:linear-gradient(135deg,rgb(255,233,195) 0%,rgb(255,255,255) 100%);padding-top:30px;padding-right:20px;padding-bottom:30px;padding-left:20px\">\n<figure class=\"wp-block-image alignwide size-full has-custom-border\"><img loading=\"lazy\" decoding=\"async\" width=\"720\" height=\"480\" src=\"https:\/\/confora.org\/wp-content\/uploads\/2025\/11\/constructeurs-afro-americains-portant-casques-masques-faciaux-tout-mesurant-mur_181624-58281-1.jpg_gaGA1.1.2064351570-edited-1.jpg\" alt=\"\" class=\"wp-image-260\" style=\"border-style:none;border-width:0px;border-radius:20px\" srcset=\"https:\/\/confora.org\/wp-content\/uploads\/2025\/11\/constructeurs-afro-americains-portant-casques-masques-faciaux-tout-mesurant-mur_181624-58281-1.jpg_gaGA1.1.2064351570-edited-1.jpg 720w, https:\/\/confora.org\/wp-content\/uploads\/2025\/11\/constructeurs-afro-americains-portant-casques-masques-faciaux-tout-mesurant-mur_181624-58281-1.jpg_gaGA1.1.2064351570-edited-1-300x200.jpg 300w\" sizes=\"auto, (max-width: 720px) 100vw, 720px\" \/><\/figure>\n\n\n\n<div class=\"wp-block-group has-transparent-background-color has-background is-layout-constrained wp-container-core-group-is-layout-92b9201d wp-block-group-is-layout-constrained\">\n<h4 class=\"wp-block-heading has-text-align-left has-text-color has-link-color has-big-font-size wp-elements-c63f1a499465b93dd91731232b5ad787\" style=\"color:#072359;margin-top:24px\">BTP &amp; G\u00c9NIE CIVIL<\/h4>\n\n\n\n<p class=\"has-text-align-left\">Construction de b\u00e2timents (r\u00e9sidentiels, commerciaux), Travaux de g\u00e9nie civil, Infrastructures scolaires, sanitaires, logements sociaux, lieux de culte, R\u00e9novation.<\/p>\n\n\n\n<div class=\"wp-block-buttons is-content-justification-left is-layout-flex wp-container-core-buttons-is-layout-326eceba wp-block-buttons-is-layout-flex\" style=\"margin-top:24px\">\n<div class=\"wp-block-button is-style-button-hover-secondary-bgcolor cozy-button-hover-styles\" style=\"; --cozyButtonBgColorHover: #fd8f14; --cozyButtonColorHover: #ffffff; --cozyButtonBorderHover: ; \"><a class=\"wp-block-button__link has-heading-color-color has-transparent-background-color has-text-color has-background has-link-color wp-element-button\" href=\"https:\/\/confora.org\/?page_id=21\" style=\"border-width:1px;border-radius:50px;padding-top:9px;padding-right:var(--wp--preset--spacing--50);padding-bottom:9px;padding-left:var(--wp--preset--spacing--50);text-transform:uppercase\">lire plus<\/a><\/div>\n<\/div>\n<\/div>\n<\/div>\n<\/div>\n\n\n\n<div class=\"wp-block-column is-layout-flow wp-block-column-is-layout-flow\">\n<div class=\"wp-block-group is-style-mighty-builders-boxshadow-medium has-background is-layout-constrained wp-container-core-group-is-layout-f760d247 wp-block-group-is-layout-constrained\" style=\"border-radius:40px;background:linear-gradient(135deg,rgb(255,233,201) 0%,rgb(255,255,255) 100%);padding-top:30px;padding-right:30px;padding-bottom:30px;padding-left:30px\">\n<figure class=\"wp-block-image alignfull size-full has-custom-border\" style=\"margin-right:0;margin-left:0\"><img loading=\"lazy\" decoding=\"async\" width=\"2560\" height=\"1920\" src=\"https:\/\/confora.org\/wp-content\/uploads\/2025\/11\/le-grand-tube-central-et-la-soupape-scaled.jpg\" alt=\"\" class=\"wp-image-190\" style=\"border-style:none;border-width:0px;border-radius:20px\" srcset=\"https:\/\/confora.org\/wp-content\/uploads\/2025\/11\/le-grand-tube-central-et-la-soupape-scaled.jpg 2560w, https:\/\/confora.org\/wp-content\/uploads\/2025\/11\/le-grand-tube-central-et-la-soupape-300x225.jpg 300w, https:\/\/confora.org\/wp-content\/uploads\/2025\/11\/le-grand-tube-central-et-la-soupape-1024x768.jpg 1024w, https:\/\/confora.org\/wp-content\/uploads\/2025\/11\/le-grand-tube-central-et-la-soupape-768x576.jpg 768w, https:\/\/confora.org\/wp-content\/uploads\/2025\/11\/le-grand-tube-central-et-la-soupape-1536x1152.jpg 1536w, https:\/\/confora.org\/wp-content\/uploads\/2025\/11\/le-grand-tube-central-et-la-soupape-2048x1536.jpg 2048w\" sizes=\"auto, (max-width: 2560px) 100vw, 2560px\" \/><\/figure>\n\n\n\n<div class=\"wp-block-group has-transparent-background-color has-background is-layout-constrained wp-container-core-group-is-layout-92b9201d wp-block-group-is-layout-constrained\">\n<h4 class=\"wp-block-heading has-text-align-left has-text-color has-link-color has-big-font-size wp-elements-394a3f9edefec331fa645b79d1a31cf0\" style=\"color:#072359;margin-top:24px\">HYDRAULIQUE<\/h4>\n\n\n\n<p class=\"has-text-align-left\">Forages, Adduction d\u2019Eau Potable (AEP), Gestion et traitement des eaux, Irrigation, Construction de ch\u00e2teaux d\u2019eau et r\u00e9seaux.<\/p>\n\n\n\n<div class=\"wp-block-buttons is-content-justification-left is-layout-flex wp-container-core-buttons-is-layout-326eceba wp-block-buttons-is-layout-flex\" style=\"margin-top:24px\">\n<div class=\"wp-block-button is-style-button-hover-secondary-bgcolor cozy-button-hover-styles\" style=\"; --cozyButtonBgColorHover: #fd8f14; --cozyButtonColorHover: #ffffff; --cozyButtonBorderHover: ; \"><a class=\"wp-block-button__link has-heading-color-color has-transparent-background-color has-text-color has-background has-link-color wp-element-button\" href=\"https:\/\/confora.org\/?page_id=22\" style=\"border-width:1px;border-radius:50px;padding-top:9px;padding-right:var(--wp--preset--spacing--50);padding-bottom:9px;padding-left:var(--wp--preset--spacing--50);text-transform:uppercase\">lire plus<\/a><\/div>\n<\/div>\n<\/div>\n<\/div>\n<\/div>\n\n\n\n<div class=\"wp-block-column is-layout-flow wp-block-column-is-layout-flow\">\n<div class=\"wp-block-group is-style-mighty-builders-boxshadow-medium has-background is-layout-constrained wp-container-core-group-is-layout-f760d247 wp-block-group-is-layout-constrained\" style=\"border-radius:40px;background:linear-gradient(135deg,rgb(255,241,216) 0%,rgb(255,255,255) 100%);padding-top:30px;padding-right:30px;padding-bottom:30px;padding-left:30px\">\n<figure class=\"wp-block-image alignfull size-full has-custom-border\" style=\"margin-right:0;margin-left:0\"><img loading=\"lazy\" decoding=\"async\" width=\"720\" height=\"540\" src=\"https:\/\/confora.org\/wp-content\/uploads\/2025\/11\/portrait-ingenieur-chantier-pendant-heures-travail_23-2151589650.jpg_gaGA1.1.2064351570-edited.jpg\" alt=\"\" class=\"wp-image-195\" style=\"border-style:none;border-width:0px;border-radius:20px\" srcset=\"https:\/\/confora.org\/wp-content\/uploads\/2025\/11\/portrait-ingenieur-chantier-pendant-heures-travail_23-2151589650.jpg_gaGA1.1.2064351570-edited.jpg 720w, https:\/\/confora.org\/wp-content\/uploads\/2025\/11\/portrait-ingenieur-chantier-pendant-heures-travail_23-2151589650.jpg_gaGA1.1.2064351570-edited-300x225.jpg 300w\" sizes=\"auto, (max-width: 720px) 100vw, 720px\" \/><\/figure>\n\n\n\n<div class=\"wp-block-group has-transparent-background-color has-background is-layout-constrained wp-container-core-group-is-layout-92b9201d wp-block-group-is-layout-constrained\">\n<h4 class=\"wp-block-heading has-text-align-left has-text-color has-link-color has-big-font-size wp-elements-5858c5ca3fa80a811a68418c473cd53d\" style=\"color:#072359;margin-top:24px\">PRESTATIONS DE SERVICES<\/h4>\n\n\n\n<p class=\"has-text-align-left\">logistique humanitaire, personnel, maintenance, consulting. Portfolio: galerie filtr\u00e9e par p\u00f4le, fiches d\u00e9taill\u00e9es.<\/p>\n\n\n\n<div class=\"wp-block-buttons is-content-justification-left is-layout-flex wp-container-core-buttons-is-layout-326eceba wp-block-buttons-is-layout-flex\" style=\"margin-top:24px\">\n<div class=\"wp-block-button is-style-button-hover-secondary-bgcolor cozy-button-hover-styles\" style=\"; --cozyButtonBgColorHover: #fd8f14; --cozyButtonColorHover: #ffffff; --cozyButtonBorderHover: ; \"><a class=\"wp-block-button__link has-heading-color-color has-transparent-background-color has-text-color has-background has-link-color wp-element-button\" href=\"https:\/\/confora.org\/?page_id=23\" style=\"border-width:1px;border-radius:50px;padding-top:9px;padding-right:var(--wp--preset--spacing--50);padding-bottom:9px;padding-left:var(--wp--preset--spacing--50);text-transform:uppercase\">lire plus<\/a><\/div>\n<\/div>\n<\/div>\n<\/div>\n<\/div>\n<\/div>\n<\/div>\n\n\n\n<div class=\"wp-block-cover\" style=\"border-width:10px;border-radius:40px\"><img loading=\"lazy\" decoding=\"async\" width=\"1024\" height=\"683\" class=\"wp-block-cover__image-background wp-image-276 size-large\" alt=\"\" src=\"https:\/\/confora.org\/wp-content\/uploads\/2025\/11\/business-objects-with-executives-discussing-blueprint-meeting-1024x683.jpg\" data-object-fit=\"cover\" srcset=\"https:\/\/confora.org\/wp-content\/uploads\/2025\/11\/business-objects-with-executives-discussing-blueprint-meeting-1024x683.jpg 1024w, https:\/\/confora.org\/wp-content\/uploads\/2025\/11\/business-objects-with-executives-discussing-blueprint-meeting-300x200.jpg 300w, https:\/\/confora.org\/wp-content\/uploads\/2025\/11\/business-objects-with-executives-discussing-blueprint-meeting-768x512.jpg 768w, https:\/\/confora.org\/wp-content\/uploads\/2025\/11\/business-objects-with-executives-discussing-blueprint-meeting-1536x1024.jpg 1536w, https:\/\/confora.org\/wp-content\/uploads\/2025\/11\/business-objects-with-executives-discussing-blueprint-meeting-2048x1365.jpg 2048w\" sizes=\"auto, (max-width: 1024px) 100vw, 1024px\" \/><span aria-hidden=\"true\" class=\"wp-block-cover__background has-dark-color-background-color has-background-dim\"><\/span><div class=\"wp-block-cover__inner-container is-layout-constrained wp-container-core-cover-is-layout-49010827 wp-block-cover-is-layout-constrained\">\n<h2 class=\"wp-block-heading has-text-align-center\">Pour des Infrastructures de qualit\u00e9 <\/h2>\n\n\n\n<p class=\"has-text-align-center has-normal-font-size\" style=\"margin-bottom:30px;line-height:1.5\">Confora international vous garantit professionnalisme et respect des d\u00e9lais <\/p>\n\n\n<div class=\"cozy-block-wrapper\">\n<div class=\"cozy-block-button\" id=\"cozyBlock_49bc5da8_a57a_42a2_85b6_c85a84818405\">\n<div class=\"wp-block-buttons is-content-justification-center is-layout-flex wp-container-core-buttons-is-layout-a89b3969 wp-block-buttons-is-layout-flex\">\n<div class=\"wp-block-button\"><a class=\"wp-block-button__link wp-element-button\" href=\"https:\/\/confora.org\/?page_id=13\" style=\"border-radius:30px\">DEMANDER UN DEVIS<\/a><\/div>\n<\/div>\n<\/div>\n<\/div><\/div><\/div>\n","protected":false},"excerpt":{"rendered":"<p>Ce que nous offrons ! Fournir des solutions expertes et durables dans le BTP,l\u2019Hydraulique et le services qui Inspirent la confiance et le professionnalisme. BTP &amp; G\u00c9NIE CIVIL Construction de b\u00e2timents (r\u00e9sidentiels, commerciaux), Travaux de g\u00e9nie civil, Infrastructures scolaires, sanitaires, logements sociaux, lieux de culte, R\u00e9novation. HYDRAULIQUE Forages, Adduction d\u2019Eau Potable (AEP), Gestion et traitement&#8230;<\/p>\n","protected":false},"author":1,"featured_media":0,"parent":0,"menu_order":0,"comment_status":"closed","ping_status":"closed","template":"","meta":{"pagelayer_contact_templates":[],"_pagelayer_content":"","footnotes":""},"class_list":["post-11","page","type-page","status-publish","hentry"],"_links":{"self":[{"href":"https:\/\/confora.org\/index.php?rest_route=\/wp\/v2\/pages\/11","targetHints":{"allow":["GET"]}}],"collection":[{"href":"https:\/\/confora.org\/index.php?rest_route=\/wp\/v2\/pages"}],"about":[{"href":"https:\/\/confora.org\/index.php?rest_route=\/wp\/v2\/types\/page"}],"author":[{"embeddable":true,"href":"https:\/\/confora.org\/index.php?rest_route=\/wp\/v2\/users\/1"}],"replies":[{"embeddable":true,"href":"https:\/\/confora.org\/index.php?rest_route=%2Fwp%2Fv2%2Fcomments&post=11"}],"version-history":[{"count":5,"href":"https:\/\/confora.org\/index.php?rest_route=\/wp\/v2\/pages\/11\/revisions"}],"predecessor-version":[{"id":349,"href":"https:\/\/confora.org\/index.php?rest_route=\/wp\/v2\/pages\/11\/revisions\/349"}],"wp:attachment":[{"href":"https:\/\/confora.org\/index.php?rest_route=%2Fwp%2Fv2%2Fmedia&parent=11"}],"curies":[{"name":"wp","href":"https:\/\/api.w.org\/{rel}","templated":true}]}}